{"id":15,"date":"2019-03-22T16:58:22","date_gmt":"2019-03-22T15:58:22","guid":{"rendered":"http:\/\/frhvmpuatnobc1\/wordpress_Collection\/?page_id=15"},"modified":"2025-03-07T14:50:40","modified_gmt":"2025-03-07T13:50:40","slug":"sinscrire","status":"publish","type":"page","link":"https:\/\/accueil.collection.neuflizeobc.fr\/index.php\/sinscrire\/","title":{"rendered":"Se connecter \u00e0 la base de donn\u00e9es"},"content":{"rendered":"<p>Vous disposez d\u00e9j\u00e0 d&rsquo;un acc\u00e8s ? Veuillez cliquer ici <a href=\"https:\/\/collection.neuflizeobc.fr\/fmi\/webd\/Collection\">https:\/\/collection.neuflizeobc.fr\/fmi\/webd\/Collection<\/a><\/p>\n<p>Pour consulter la base de donn\u00e9es de la Collection d&rsquo;entreprise Neuflize OBC, merci de nous \u00e9crire via le formulaire ci-dessous en motivant votre demande. :<\/p>\n\n<div class=\"wpcf7 no-js\" id=\"wpcf7-f28-o1\" lang=\"fr-FR\" dir=\"ltr\" data-wpcf7-id=\"28\">\n<div class=\"screen-reader-response\"><p role=\"status\" aria-live=\"polite\" aria-atomic=\"true\"><\/p> <ul><\/ul><\/div>\n<form action=\"\/index.php\/wp-json\/wp\/v2\/pages\/15#wpcf7-f28-o1\" method=\"post\" class=\"wpcf7-form init\" aria-label=\"Formulaire de contact\" novalidate=\"novalidate\" data-status=\"init\">\n<div style=\"display: none;\">\n<input type=\"hidden\" name=\"_wpcf7\" value=\"28\" \/>\n<input type=\"hidden\" name=\"_wpcf7_version\" value=\"6.0.4\" \/>\n<input type=\"hidden\" name=\"_wpcf7_locale\" value=\"fr_FR\" \/>\n<input type=\"hidden\" name=\"_wpcf7_unit_tag\" value=\"wpcf7-f28-o1\" \/>\n<input type=\"hidden\" name=\"_wpcf7_container_post\" value=\"0\" \/>\n<input type=\"hidden\" name=\"_wpcf7_posted_data_hash\" value=\"\" \/>\n<input type=\"hidden\" name=\"_wpcf7_recaptcha_response\" value=\"\" \/>\n<\/div>\n<p><label> Votre nom (requis)<br \/>\n<span class=\"wpcf7-form-control-wrap\" data-name=\"your-name\"><input size=\"40\" maxlength=\"400\" class=\"wpcf7-form-control wpcf7-text wpcf7-validates-as-required\" aria-required=\"true\" aria-invalid=\"false\" value=\"\" type=\"text\" name=\"your-name\" \/><\/span> <\/label>\n<\/p>\n<p><label> Votre email (requis)<br \/>\n<span class=\"wpcf7-form-control-wrap\" data-name=\"your-email\"><input size=\"40\" maxlength=\"400\" class=\"wpcf7-form-control wpcf7-email wpcf7-validates-as-required wpcf7-text wpcf7-validates-as-email\" aria-required=\"true\" aria-invalid=\"false\" value=\"\" type=\"email\" name=\"your-email\" \/><\/span> <\/label>\n<\/p>\n<p><label> Sujet de votre message<br \/>\n<span class=\"wpcf7-form-control-wrap\" data-name=\"your-subject\"><input size=\"40\" maxlength=\"400\" class=\"wpcf7-form-control wpcf7-text\" aria-invalid=\"false\" value=\"\" type=\"text\" name=\"your-subject\" \/><\/span> <\/label>\n<\/p>\n<p><label> Votre message<br \/>\n<span class=\"wpcf7-form-control-wrap\" data-name=\"your-message\"><textarea cols=\"40\" rows=\"10\" maxlength=\"2000\" class=\"wpcf7-form-control wpcf7-textarea\" aria-invalid=\"false\" name=\"your-message\"><\/textarea><\/span> <\/label>\n<\/p>\n<p><input class=\"wpcf7-form-control wpcf7-submit has-spinner\" type=\"submit\" value=\"Send\" \/>\n<\/p><div class=\"wpcf7-response-output\" aria-hidden=\"true\"><\/div>\n<\/form>\n<\/div>\n\n","protected":false},"excerpt":{"rendered":"<p>Vous disposez d\u00e9j\u00e0 d&rsquo;un acc\u00e8s ? Veuillez cliquer ici https:\/\/collection.neuflizeobc.fr\/fmi\/webd\/Collection Pour consulter la base de donn\u00e9es de la Collection d&rsquo;entreprise &hellip; <a href=\"https:\/\/accueil.collection.neuflizeobc.fr\/index.php\/sinscrire\/\" class=\"tagdiv-more-link\">Read More<span class=\"screen-reader-text\"> \u00ab\u00a0Se connecter \u00e0 la base de donn\u00e9es\u00a0\u00bb<\/span><\/a><\/p>\n","protected":false},"author":1,"featured_media":0,"parent":0,"menu_order":0,"comment_status":"closed","ping_status":"closed","template":"","meta":{"footnotes":""},"class_list":["post-15","page","type-page","status-publish","hentry"],"_links":{"self":[{"href":"https:\/\/accueil.collection.neuflizeobc.fr\/index.php\/wp-json\/wp\/v2\/pages\/15","targetHints":{"allow":["GET"]}}],"collection":[{"href":"https:\/\/accueil.collection.neuflizeobc.fr\/index.php\/wp-json\/wp\/v2\/pages"}],"about":[{"href":"https:\/\/accueil.collection.neuflizeobc.fr\/index.php\/wp-json\/wp\/v2\/types\/page"}],"author":[{"embeddable":true,"href":"https:\/\/accueil.collection.neuflizeobc.fr\/index.php\/wp-json\/wp\/v2\/users\/1"}],"replies":[{"embeddable":true,"href":"https:\/\/accueil.collection.neuflizeobc.fr\/index.php\/wp-json\/wp\/v2\/comments?post=15"}],"version-history":[{"count":9,"href":"https:\/\/accueil.collection.neuflizeobc.fr\/index.php\/wp-json\/wp\/v2\/pages\/15\/revisions"}],"predecessor-version":[{"id":3058,"href":"https:\/\/accueil.collection.neuflizeobc.fr\/index.php\/wp-json\/wp\/v2\/pages\/15\/revisions\/3058"}],"wp:attachment":[{"href":"https:\/\/accueil.collection.neuflizeobc.fr\/index.php\/wp-json\/wp\/v2\/media?parent=15"}],"curies":[{"name":"wp","href":"https:\/\/api.w.org\/{rel}","templated":true}]}}