{"id":5,"date":"2019-03-22T16:53:10","date_gmt":"2019-03-22T15:53:10","guid":{"rendered":"http:\/\/frhvmpuatnobc1\/wordpress_Collection\/?page_id=5"},"modified":"2020-04-09T13:02:10","modified_gmt":"2020-04-09T11:02:10","slug":"les-20-ans-de-la-collection-d-e-ntreprise-neuflize-obc","status":"publish","type":"page","link":"https:\/\/accueil.collection.neuflizeobc.fr\/","title":{"rendered":"La Collection d&rsquo;entreprise Neuflize OBC"},"content":{"rendered":"\n<p>En 1997, Neuflize OBC a \u00e9galement cr\u00e9\u00e9 sa propre collection d\u2019oeuvres photographiques et vid\u00e9ographiques, laquelle fait aujourd\u2019hui r\u00e9f\u00e9rence dans le monde institutionnel. La Collection Neuflize OBC compte d\u00e9sormais pr\u00e8s de 1000 oeuvres, ax\u00e9es sur le th\u00e8me de la figure humaine et de la m\u00e9moire.<br><\/p>\n\n\n\n<p>Portraits, autoportraits, repr\u00e9sentations plus ou moins fictionnelles, vid\u00e9os narratives ou abstraites\u2026 toutes ces oeuvres parlent de l\u2019humain, de son environnement, de son identit\u00e9, de ses interrogations ou de son histoire. Ces th\u00e8mes ont \u00e9t\u00e9 privil\u00e9gi\u00e9s car ils font \u00e9cho \u00e0 nos m\u00e9tiers, \u00e0 leur dimension humaine, \u00e0 nos liens avec nos clients.<br><\/p>\n\n\n\n<p>Les oeuvres de la Collection Neuflize OBC sont expos\u00e9es en permanence dans ses locaux, \u00e0 Paris et en r\u00e9gions. D\u2019abord destin\u00e9es aux collaborateurs de Neuflize OBC, elles les invitent \u00e0 toujours rester en \u00e9veil sur le monde et l\u2019\u00e9poque.<\/p>\n\n\n\n<p> <\/p>\n\n\n\n<p><\/p>\n","protected":false},"excerpt":{"rendered":"<p>En 1997, Neuflize OBC a \u00e9galement cr\u00e9\u00e9 sa propre collection d\u2019oeuvres photographiques et vid\u00e9ographiques, laquelle fait aujourd\u2019hui r\u00e9f\u00e9rence dans le &hellip; <a href=\"https:\/\/accueil.collection.neuflizeobc.fr\/\" class=\"tagdiv-more-link\">Read More<span class=\"screen-reader-text\"> \u00ab\u00a0La Collection d&rsquo;entreprise Neuflize OBC\u00a0\u00bb<\/span><\/a><\/p>\n","protected":false},"author":1,"featured_media":0,"parent":0,"menu_order":0,"comment_status":"closed","ping_status":"closed","template":"","meta":{"footnotes":""},"class_list":["post-5","page","type-page","status-publish","hentry"],"_links":{"self":[{"href":"https:\/\/accueil.collection.neuflizeobc.fr\/index.php\/wp-json\/wp\/v2\/pages\/5","targetHints":{"allow":["GET"]}}],"collection":[{"href":"https:\/\/accueil.collection.neuflizeobc.fr\/index.php\/wp-json\/wp\/v2\/pages"}],"about":[{"href":"https:\/\/accueil.collection.neuflizeobc.fr\/index.php\/wp-json\/wp\/v2\/types\/page"}],"author":[{"embeddable":true,"href":"https:\/\/accueil.collection.neuflizeobc.fr\/index.php\/wp-json\/wp\/v2\/users\/1"}],"replies":[{"embeddable":true,"href":"https:\/\/accueil.collection.neuflizeobc.fr\/index.php\/wp-json\/wp\/v2\/comments?post=5"}],"version-history":[{"count":4,"href":"https:\/\/accueil.collection.neuflizeobc.fr\/index.php\/wp-json\/wp\/v2\/pages\/5\/revisions"}],"predecessor-version":[{"id":170,"href":"https:\/\/accueil.collection.neuflizeobc.fr\/index.php\/wp-json\/wp\/v2\/pages\/5\/revisions\/170"}],"wp:attachment":[{"href":"https:\/\/accueil.collection.neuflizeobc.fr\/index.php\/wp-json\/wp\/v2\/media?parent=5"}],"curies":[{"name":"wp","href":"https:\/\/api.w.org\/{rel}","templated":true}]}}